{"id":8171,"date":"2024-12-18T10:11:17","date_gmt":"2024-12-18T10:11:17","guid":{"rendered":"https:\/\/gemcru.com\/produkt\/zlote-kolczyki-10\/"},"modified":"2025-01-12T14:42:12","modified_gmt":"2025-01-12T14:42:12","slug":"gold-rose-quartz-earrings","status":"publish","type":"product","link":"https:\/\/gemcru.com\/en\/product\/gold-rose-quartz-earrings\/","title":{"rendered":"Gold rose quartz earrings"},"content":{"rendered":"","protected":false},"excerpt":{"rendered":"<p>Kolczyki wykonane z 14 karatowego z\u0142ota\/ pr\u00f3ba 585 oraz kwarcu r\u00f3\u017cowego.<\/p>\n","protected":false},"featured_media":7671,"comment_status":"open","ping_status":"closed","template":"","meta":[],"product_cat":[521,520],"product_tag":[],"dostepnosc_produktu":[535],"dostowanie_rozmiaru":[],"kolekcje":[540],"_links":{"self":[{"href":"https:\/\/gemcru.com\/en\/wp-json\/wp\/v2\/product\/8171"}],"collection":[{"href":"https:\/\/gemcru.com\/en\/wp-json\/wp\/v2\/product"}],"about":[{"href":"https:\/\/gemcru.com\/en\/wp-json\/wp\/v2\/types\/product"}],"replies":[{"embeddable":true,"href":"https:\/\/gemcru.com\/en\/wp-json\/wp\/v2\/comments?post=8171"}],"wp:featuredmedia":[{"embeddable":true,"href":"https:\/\/gemcru.com\/en\/wp-json\/wp\/v2\/media\/7671"}],"wp:attachment":[{"href":"https:\/\/gemcru.com\/en\/wp-json\/wp\/v2\/media?parent=8171"}],"wp:term":[{"taxonomy":"product_cat","embeddable":true,"href":"https:\/\/gemcru.com\/en\/wp-json\/wp\/v2\/product_cat?post=8171"},{"taxonomy":"product_tag","embeddable":true,"href":"https:\/\/gemcru.com\/en\/wp-json\/wp\/v2\/product_tag?post=8171"},{"taxonomy":"dostepnosc_produktu","embeddable":true,"href":"https:\/\/gemcru.com\/en\/wp-json\/wp\/v2\/dostepnosc_produktu?post=8171"},{"taxonomy":"dostowanie_rozmiaru","embeddable":true,"href":"https:\/\/gemcru.com\/en\/wp-json\/wp\/v2\/dostowanie_rozmiaru?post=8171"},{"taxonomy":"kolekcje","embeddable":true,"href":"https:\/\/gemcru.com\/en\/wp-json\/wp\/v2\/kolekcje?post=8171"}],"curies":[{"name":"wp","href":"https:\/\/api.w.org\/{rel}","templated":true}]}}