{"id":8431,"date":"2024-12-11T16:28:57","date_gmt":"2024-12-11T16:28:57","guid":{"rendered":"https:\/\/gemcru.com\/produkt\/naszyjnik-bursztynowy-6\/"},"modified":"2024-12-11T16:28:57","modified_gmt":"2024-12-11T16:28:57","slug":"naszyjnik-bursztynowy-6","status":"publish","type":"product","link":"https:\/\/gemcru.com\/en\/product\/naszyjnik-bursztynowy-6\/","title":{"rendered":"Naszyjnik bursztynowy"},"content":{"rendered":"","protected":false},"excerpt":{"rendered":"<p>Naszyjnik bursztynowy o kamieniu pejza\u017cowym kt\u00f3ry ma r\u00f3\u017cne przej\u015bcia kolorystyczne wykonany z srebra &#8211; poz\u0142acanego.<\/p>\n","protected":false},"featured_media":7514,"comment_status":"open","ping_status":"closed","template":"","meta":[],"product_cat":[525,527,520],"product_tag":[],"dostepnosc_produktu":[533,535],"dostowanie_rozmiaru":[],"kolekcje":[541],"_links":{"self":[{"href":"https:\/\/gemcru.com\/en\/wp-json\/wp\/v2\/product\/8431"}],"collection":[{"href":"https:\/\/gemcru.com\/en\/wp-json\/wp\/v2\/product"}],"about":[{"href":"https:\/\/gemcru.com\/en\/wp-json\/wp\/v2\/types\/product"}],"replies":[{"embeddable":true,"href":"https:\/\/gemcru.com\/en\/wp-json\/wp\/v2\/comments?post=8431"}],"wp:featuredmedia":[{"embeddable":true,"href":"https:\/\/gemcru.com\/en\/wp-json\/wp\/v2\/media\/7514"}],"wp:attachment":[{"href":"https:\/\/gemcru.com\/en\/wp-json\/wp\/v2\/media?parent=8431"}],"wp:term":[{"taxonomy":"product_cat","embeddable":true,"href":"https:\/\/gemcru.com\/en\/wp-json\/wp\/v2\/product_cat?post=8431"},{"taxonomy":"product_tag","embeddable":true,"href":"https:\/\/gemcru.com\/en\/wp-json\/wp\/v2\/product_tag?post=8431"},{"taxonomy":"dostepnosc_produktu","embeddable":true,"href":"https:\/\/gemcru.com\/en\/wp-json\/wp\/v2\/dostepnosc_produktu?post=8431"},{"taxonomy":"dostowanie_rozmiaru","embeddable":true,"href":"https:\/\/gemcru.com\/en\/wp-json\/wp\/v2\/dostowanie_rozmiaru?post=8431"},{"taxonomy":"kolekcje","embeddable":true,"href":"https:\/\/gemcru.com\/en\/wp-json\/wp\/v2\/kolekcje?post=8431"}],"curies":[{"name":"wp","href":"https:\/\/api.w.org\/{rel}","templated":true}]}}