{"id":8458,"date":"2024-10-11T16:18:22","date_gmt":"2024-10-11T16:18:22","guid":{"rendered":"https:\/\/gemcru.com\/produkt\/pierscionek-z-brylantem-art-deco\/"},"modified":"2025-02-09T13:06:13","modified_gmt":"2025-02-09T13:06:13","slug":"pierscionek-z-brylantem-art-deco","status":"publish","type":"product","link":"https:\/\/gemcru.com\/en\/product\/pierscionek-z-brylantem-art-deco\/","title":{"rendered":"Pier\u015bcionek z bia\u0142ego z\u0142ota z brylantem"},"content":{"rendered":"","protected":false},"excerpt":{"rendered":"<p>Pier\u015bcionek Art Deco<br \/>\nwykonany z bia\u0142ego z\u0142ota 14 karatowego,<br \/>\nz centralnie osadzonym diamentem w starym szlifie brylantowym,<br \/>\ni dwoma rautami diamentowymi po bokach<br \/>\nrozmiar:  16<\/p>\n","protected":false},"featured_media":7197,"comment_status":"open","ping_status":"closed","template":"","meta":[],"product_cat":[523,529,520,519],"product_tag":[],"dostepnosc_produktu":[534],"dostowanie_rozmiaru":[542,536],"kolekcje":[],"_links":{"self":[{"href":"https:\/\/gemcru.com\/en\/wp-json\/wp\/v2\/product\/8458"}],"collection":[{"href":"https:\/\/gemcru.com\/en\/wp-json\/wp\/v2\/product"}],"about":[{"href":"https:\/\/gemcru.com\/en\/wp-json\/wp\/v2\/types\/product"}],"replies":[{"embeddable":true,"href":"https:\/\/gemcru.com\/en\/wp-json\/wp\/v2\/comments?post=8458"}],"wp:featuredmedia":[{"embeddable":true,"href":"https:\/\/gemcru.com\/en\/wp-json\/wp\/v2\/media\/7197"}],"wp:attachment":[{"href":"https:\/\/gemcru.com\/en\/wp-json\/wp\/v2\/media?parent=8458"}],"wp:term":[{"taxonomy":"product_cat","embeddable":true,"href":"https:\/\/gemcru.com\/en\/wp-json\/wp\/v2\/product_cat?post=8458"},{"taxonomy":"product_tag","embeddable":true,"href":"https:\/\/gemcru.com\/en\/wp-json\/wp\/v2\/product_tag?post=8458"},{"taxonomy":"dostepnosc_produktu","embeddable":true,"href":"https:\/\/gemcru.com\/en\/wp-json\/wp\/v2\/dostepnosc_produktu?post=8458"},{"taxonomy":"dostowanie_rozmiaru","embeddable":true,"href":"https:\/\/gemcru.com\/en\/wp-json\/wp\/v2\/dostowanie_rozmiaru?post=8458"},{"taxonomy":"kolekcje","embeddable":true,"href":"https:\/\/gemcru.com\/en\/wp-json\/wp\/v2\/kolekcje?post=8458"}],"curies":[{"name":"wp","href":"https:\/\/api.w.org\/{rel}","templated":true}]}}