{"id":8465,"date":"2024-10-30T16:45:44","date_gmt":"2024-10-30T16:45:44","guid":{"rendered":"https:\/\/gemcru.com\/produkt\/pierscionek-z-kamieniem-ksiezycowym\/"},"modified":"2025-02-09T14:19:10","modified_gmt":"2025-02-09T14:19:10","slug":"pierscionek-z-kamieniem-ksiezycowym","status":"publish","type":"product","link":"https:\/\/gemcru.com\/en\/product\/pierscionek-z-kamieniem-ksiezycowym\/","title":{"rendered":"Pier\u015bcionek z kamieniem ksi\u0119\u017cycowym"},"content":{"rendered":"","protected":false},"excerpt":{"rendered":"<p>Ring made of 18 carat gold<br \/>\nwith moonstone.<\/p>\n","protected":false},"featured_media":6931,"comment_status":"open","ping_status":"closed","template":"","meta":[],"product_cat":[520,530,519],"product_tag":[],"dostepnosc_produktu":[534],"dostowanie_rozmiaru":[542,536],"kolekcje":[540],"_links":{"self":[{"href":"https:\/\/gemcru.com\/en\/wp-json\/wp\/v2\/product\/8465"}],"collection":[{"href":"https:\/\/gemcru.com\/en\/wp-json\/wp\/v2\/product"}],"about":[{"href":"https:\/\/gemcru.com\/en\/wp-json\/wp\/v2\/types\/product"}],"replies":[{"embeddable":true,"href":"https:\/\/gemcru.com\/en\/wp-json\/wp\/v2\/comments?post=8465"}],"wp:featuredmedia":[{"embeddable":true,"href":"https:\/\/gemcru.com\/en\/wp-json\/wp\/v2\/media\/6931"}],"wp:attachment":[{"href":"https:\/\/gemcru.com\/en\/wp-json\/wp\/v2\/media?parent=8465"}],"wp:term":[{"taxonomy":"product_cat","embeddable":true,"href":"https:\/\/gemcru.com\/en\/wp-json\/wp\/v2\/product_cat?post=8465"},{"taxonomy":"product_tag","embeddable":true,"href":"https:\/\/gemcru.com\/en\/wp-json\/wp\/v2\/product_tag?post=8465"},{"taxonomy":"dostepnosc_produktu","embeddable":true,"href":"https:\/\/gemcru.com\/en\/wp-json\/wp\/v2\/dostepnosc_produktu?post=8465"},{"taxonomy":"dostowanie_rozmiaru","embeddable":true,"href":"https:\/\/gemcru.com\/en\/wp-json\/wp\/v2\/dostowanie_rozmiaru?post=8465"},{"taxonomy":"kolekcje","embeddable":true,"href":"https:\/\/gemcru.com\/en\/wp-json\/wp\/v2\/kolekcje?post=8465"}],"curies":[{"name":"wp","href":"https:\/\/api.w.org\/{rel}","templated":true}]}}