{"id":8595,"date":"2025-02-11T16:24:14","date_gmt":"2025-02-11T16:24:14","guid":{"rendered":"https:\/\/gemcru.com\/produkt\/pierscionek-ze-zlota-z-chryzoprazem-i-diamentami\/"},"modified":"2025-02-11T16:24:14","modified_gmt":"2025-02-11T16:24:14","slug":"pierscionek-ze-zlota-z-chryzoprazem-i-diamentami","status":"publish","type":"product","link":"https:\/\/gemcru.com\/en\/product\/pierscionek-ze-zlota-z-chryzoprazem-i-diamentami\/","title":{"rendered":"Pier\u015bcionek ze z\u0142ota z chryzoprazem i diamentami"},"content":{"rendered":"","protected":false},"excerpt":{"rendered":"<p>Wyj\u0105tkowy pier\u015bcionek wykonany ze z\u0142ota pr\u00f3by 750\/ 18k z chryzoprazem i trzema brylantami.<\/p>\n","protected":false},"featured_media":8587,"comment_status":"open","ping_status":"closed","template":"","meta":[],"product_cat":[520,530,519],"product_tag":[],"dostepnosc_produktu":[535],"dostowanie_rozmiaru":[536],"kolekcje":[540],"_links":{"self":[{"href":"https:\/\/gemcru.com\/en\/wp-json\/wp\/v2\/product\/8595"}],"collection":[{"href":"https:\/\/gemcru.com\/en\/wp-json\/wp\/v2\/product"}],"about":[{"href":"https:\/\/gemcru.com\/en\/wp-json\/wp\/v2\/types\/product"}],"replies":[{"embeddable":true,"href":"https:\/\/gemcru.com\/en\/wp-json\/wp\/v2\/comments?post=8595"}],"wp:featuredmedia":[{"embeddable":true,"href":"https:\/\/gemcru.com\/en\/wp-json\/wp\/v2\/media\/8587"}],"wp:attachment":[{"href":"https:\/\/gemcru.com\/en\/wp-json\/wp\/v2\/media?parent=8595"}],"wp:term":[{"taxonomy":"product_cat","embeddable":true,"href":"https:\/\/gemcru.com\/en\/wp-json\/wp\/v2\/product_cat?post=8595"},{"taxonomy":"product_tag","embeddable":true,"href":"https:\/\/gemcru.com\/en\/wp-json\/wp\/v2\/product_tag?post=8595"},{"taxonomy":"dostepnosc_produktu","embeddable":true,"href":"https:\/\/gemcru.com\/en\/wp-json\/wp\/v2\/dostepnosc_produktu?post=8595"},{"taxonomy":"dostowanie_rozmiaru","embeddable":true,"href":"https:\/\/gemcru.com\/en\/wp-json\/wp\/v2\/dostowanie_rozmiaru?post=8595"},{"taxonomy":"kolekcje","embeddable":true,"href":"https:\/\/gemcru.com\/en\/wp-json\/wp\/v2\/kolekcje?post=8595"}],"curies":[{"name":"wp","href":"https:\/\/api.w.org\/{rel}","templated":true}]}}