{"id":8689,"date":"2024-06-28T15:14:57","date_gmt":"2024-06-28T15:14:57","guid":{"rendered":"https:\/\/gemcru.com\/produkt\/kolczyki-z-diamentami-w-formie-prostokatow\/"},"modified":"2024-06-28T15:14:57","modified_gmt":"2024-06-28T15:14:57","slug":"kolczyki-z-diamentami-w-formie-prostokatow","status":"publish","type":"product","link":"https:\/\/gemcru.com\/en\/product\/kolczyki-z-diamentami-w-formie-prostokatow\/","title":{"rendered":"Kolczyki z diamentami w formie prostok\u0105t\u00f3w"},"content":{"rendered":"","protected":false},"excerpt":{"rendered":"<p>Kolczyki z diamentami w formie prostok\u0105t\u00f3w , II po\u0142. XX w. z\u0142. pr. 14k , srebro, 58szt. rozet diam. ~ 0,70ct<\/p>\n","protected":false},"featured_media":6774,"comment_status":"open","ping_status":"closed","template":"","meta":[],"product_cat":[523,521,520],"product_tag":[],"dostepnosc_produktu":[535],"dostowanie_rozmiaru":[],"kolekcje":[],"_links":{"self":[{"href":"https:\/\/gemcru.com\/en\/wp-json\/wp\/v2\/product\/8689"}],"collection":[{"href":"https:\/\/gemcru.com\/en\/wp-json\/wp\/v2\/product"}],"about":[{"href":"https:\/\/gemcru.com\/en\/wp-json\/wp\/v2\/types\/product"}],"replies":[{"embeddable":true,"href":"https:\/\/gemcru.com\/en\/wp-json\/wp\/v2\/comments?post=8689"}],"wp:featuredmedia":[{"embeddable":true,"href":"https:\/\/gemcru.com\/en\/wp-json\/wp\/v2\/media\/6774"}],"wp:attachment":[{"href":"https:\/\/gemcru.com\/en\/wp-json\/wp\/v2\/media?parent=8689"}],"wp:term":[{"taxonomy":"product_cat","embeddable":true,"href":"https:\/\/gemcru.com\/en\/wp-json\/wp\/v2\/product_cat?post=8689"},{"taxonomy":"product_tag","embeddable":true,"href":"https:\/\/gemcru.com\/en\/wp-json\/wp\/v2\/product_tag?post=8689"},{"taxonomy":"dostepnosc_produktu","embeddable":true,"href":"https:\/\/gemcru.com\/en\/wp-json\/wp\/v2\/dostepnosc_produktu?post=8689"},{"taxonomy":"dostowanie_rozmiaru","embeddable":true,"href":"https:\/\/gemcru.com\/en\/wp-json\/wp\/v2\/dostowanie_rozmiaru?post=8689"},{"taxonomy":"kolekcje","embeddable":true,"href":"https:\/\/gemcru.com\/en\/wp-json\/wp\/v2\/kolekcje?post=8689"}],"curies":[{"name":"wp","href":"https:\/\/api.w.org\/{rel}","templated":true}]}}